{"id":191,"date":"2020-10-28T13:32:30","date_gmt":"2020-10-28T13:32:30","guid":{"rendered":"https:\/\/www.lvpro.cz\/?page_id=191"},"modified":"2024-03-21T15:09:42","modified_gmt":"2024-03-21T15:09:42","slug":"novinky","status":"publish","type":"page","link":"https:\/\/www.lvpro.cz\/index.php\/novinky\/","title":{"rendered":"Novinky"},"content":{"rendered":"<p>&nbsp;<\/p>\n<div class=\"kvgmc6g5 cxmmr5t8 oygrvhab hcukyx3x c1et5uql ii04i59q\">\n<h2><img decoding=\"async\" loading=\"lazy\" class=\" wp-image-241 alignright\" src=\"https:\/\/www.lvpro.cz\/wp-content\/uploads\/2021\/07\/pexels-tirachard-kumtanom-733857-300x200.jpeg\" alt=\"\" width=\"204\" height=\"136\" srcset=\"https:\/\/www.lvpro.cz\/wp-content\/uploads\/2021\/07\/pexels-tirachard-kumtanom-733857-300x200.jpeg 300w, https:\/\/www.lvpro.cz\/wp-content\/uploads\/2021\/07\/pexels-tirachard-kumtanom-733857-700x467.jpeg 700w, https:\/\/www.lvpro.cz\/wp-content\/uploads\/2021\/07\/pexels-tirachard-kumtanom-733857-768x513.jpeg 768w, https:\/\/www.lvpro.cz\/wp-content\/uploads\/2021\/07\/pexels-tirachard-kumtanom-733857-1536x1025.jpeg 1536w, https:\/\/www.lvpro.cz\/wp-content\/uploads\/2021\/07\/pexels-tirachard-kumtanom-733857-2048x1367.jpeg 2048w\" sizes=\"(max-width: 204px) 100vw, 204px\" \/><span style=\"font-size: 16px;\">Dne\u0161n\u00edm dnem pro v\u00e1s spou\u0161t\u00edme na\u0161i f<\/span><strong style=\"font-size: 16px;\">acebookovou \u00fa\u010detn\u00ed poradnu <span style=\"color: #000080;\">LV<span style=\"color: #ff0000;\">Poradna<\/span><\/span><\/strong><span style=\"font-size: 16px;\">!<\/span><\/h2>\n<p>Radu zde dostanete zcela zdarma, proto nev\u00e1hejte &#8211; sta\u010d\u00ed se k n\u00e1m p\u0159idat a rovnou se m\u016f\u017eete pt\u00e1t. \ud83d\udc69\ud83c\udffb\u200d\ud83d\udcbb\ud83d\ude0a<\/p>\n<p><a href=\"https:\/\/www.facebook.com\/groups\/lvporadna\">https:\/\/www.facebook.com\/groups\/lvporadna<\/a><\/p>\n<\/div>\n<div class=\"kvgmc6g5 cxmmr5t8 oygrvhab hcukyx3x c1et5uql ii04i59q\">\n<hr \/>\n<\/div>\n<h2><img decoding=\"async\" loading=\"lazy\" class=\"wp-image-236 alignright\" src=\"https:\/\/www.lvpro.cz\/wp-content\/uploads\/2021\/06\/Certifika\u0301t-iDoklad-pozitivni\u0301-u\u0301c\u030cetni\u03011024_1-212x300.jpg\" alt=\"\" width=\"213\" height=\"301\" srcset=\"https:\/\/www.lvpro.cz\/wp-content\/uploads\/2021\/06\/Certifika\u0301t-iDoklad-pozitivni\u0301-u\u0301c\u030cetni\u03011024_1-212x300.jpg 212w, https:\/\/www.lvpro.cz\/wp-content\/uploads\/2021\/06\/Certifika\u0301t-iDoklad-pozitivni\u0301-u\u0301c\u030cetni\u03011024_1-700x990.jpg 700w, https:\/\/www.lvpro.cz\/wp-content\/uploads\/2021\/06\/Certifika\u0301t-iDoklad-pozitivni\u0301-u\u0301c\u030cetni\u03011024_1.jpg 724w\" sizes=\"(max-width: 213px) 100vw, 213px\" \/><\/h2>\n<h2><strong>Staly jsme s iDoklad pozitivn\u00edmi \u00fa\u010detn\u00edmi!<\/strong><\/h2>\n<p>Spojen\u00edm <a href=\"https:\/\/www.idoklad.cz\/\">iDokladu<\/a> a\u00a0<a href=\"https:\/\/www.idoklad.cz\/?post_type=katalog_ucto_dir_ltg&amp;p=13276\">LVPro Accounting s.r.o.<\/a> z\u00edsk\u00e1te kontrolu nad Va\u0161\u00edm \u00fa\u010detnictv\u00edm a tak\u00e9:<\/p>\n<p>&nbsp;<\/p>\n<ul>\n<li>online p\u0159\u00edstup k va\u0161emu \u00fa\u010detnictv\u00ed pro \u00fa\u010detn\u00ed 24 hodin a 7 dn\u00ed v t\u00fddnu<\/li>\n<li>odpadne slo\u017eit\u00e9 p\u0159ed\u00e1v\u00e1n\u00ed dokument\u016f, v\u0161e si st\u00e1hneme z va\u0161eho iDokladu, p\u0159\u00edpadn\u011b nasd\u00edlen\u00e9 slo\u017eky na Google disku<\/li>\n<li>a jako <strong>BONUS<\/strong> z\u00edsk\u00e1te d\u00edky n\u00e1m <strong>50% slevu na iDoklad<\/strong>, v\u00e1\u0161 nov\u00fd online faktura\u010dn\u00ed syst\u00e9m<\/li>\n<\/ul>\n<p>&nbsp;<\/p>\n<p>&nbsp;<\/p>\n<hr \/>\n<p>&nbsp;<\/p>\n<p><!--more--><\/p>\n<p>&nbsp;<\/p>\n<p>&nbsp;<\/p>\n","protected":false},"excerpt":{"rendered":"<div class=\"mh-excerpt\"><p>&nbsp; Dne\u0161n\u00edm dnem pro v\u00e1s spou\u0161t\u00edme na\u0161i facebookovou \u00fa\u010detn\u00ed poradnu LVPoradna! Radu zde dostanete zcela zdarma, proto nev\u00e1hejte &#8211; sta\u010d\u00ed se k n\u00e1m p\u0159idat a <a class=\"mh-excerpt-more\" href=\"https:\/\/www.lvpro.cz\/index.php\/novinky\/\" title=\"Novinky\">[&#8230;]<\/a><\/p>\n<\/div>","protected":false},"author":2,"featured_media":0,"parent":0,"menu_order":0,"comment_status":"closed","ping_status":"closed","template":"","meta":[],"_links":{"self":[{"href":"https:\/\/www.lvpro.cz\/index.php\/wp-json\/wp\/v2\/pages\/191"}],"collection":[{"href":"https:\/\/www.lvpro.cz\/index.php\/wp-json\/wp\/v2\/pages"}],"about":[{"href":"https:\/\/www.lvpro.cz\/index.php\/wp-json\/wp\/v2\/types\/page"}],"author":[{"embeddable":true,"href":"https:\/\/www.lvpro.cz\/index.php\/wp-json\/wp\/v2\/users\/2"}],"replies":[{"embeddable":true,"href":"https:\/\/www.lvpro.cz\/index.php\/wp-json\/wp\/v2\/comments?post=191"}],"version-history":[{"count":39,"href":"https:\/\/www.lvpro.cz\/index.php\/wp-json\/wp\/v2\/pages\/191\/revisions"}],"predecessor-version":[{"id":309,"href":"https:\/\/www.lvpro.cz\/index.php\/wp-json\/wp\/v2\/pages\/191\/revisions\/309"}],"wp:attachment":[{"href":"https:\/\/www.lvpro.cz\/index.php\/wp-json\/wp\/v2\/media?parent=191"}],"curies":[{"name":"wp","href":"https:\/\/api.w.org\/{rel}","templated":true}]}}