{"id":68,"date":"2020-09-28T16:57:00","date_gmt":"2020-09-28T16:57:00","guid":{"rendered":"https:\/\/www.lvpro.cz\/?page_id=68"},"modified":"2024-01-19T22:58:41","modified_gmt":"2024-01-19T22:58:41","slug":"o-nas","status":"publish","type":"page","link":"https:\/\/www.lvpro.cz\/","title":{"rendered":"O n\u00e1s"},"content":{"rendered":"\r\n<p class=\"has-black-color has-text-color\">Jsme sice datem vzniku mlad\u00e1 \u00fa\u010detn\u00ed spole\u010dnost, v na\u0161ich \u00fa\u010detn\u00edch \u0159ad\u00e1ch ale stoj\u00ed profesion\u00e1lov\u00e9 s mnohaletou prax\u00ed, kter\u00e1 sah\u00e1 a\u017e do roku 2003.<\/p>\r\n\r\n\r\n\r\n<p class=\"has-black-color has-text-color\">Na\u0161i st\u00e1vaj\u00edc\u00ed klienti p\u016fsob\u00ed v r\u016fzn\u00fdch oborech, nap\u0159. v oblasti pron\u00e1jmu a spr\u00e1vy nemovitost\u00ed, poskytov\u00e1n\u00ed poradensk\u00fdch \u010di marketingov\u00fdch slu\u017eeb, prodeje zbo\u017e\u00ed, zdravotnictv\u00ed, slu\u017eeb pro motoristy (stanice technick\u00e9 kontroly a automy\u010dky, autoservis s prodejem voz\u016f) \u010di v neziskov\u00fdch sektorech. M\u00e1me bohat\u00e9 zku\u0161enosti s \u00fa\u010dtov\u00e1n\u00edm holding\u016f a tedy i problematikou spojen\u00fdch osob.<\/p>\r\n\r\n\r\n\r\n<p class=\"has-black-color has-text-color\">Specializujeme se na \u00fa\u010detnictv\u00ed men\u0161\u00edch a\u017e st\u0159edn\u00edch pr\u00e1vnick\u00fdch osob, veden\u00ed da\u0148ov\u00e9 evidence pro osoby samostatn\u011b v\u00fdd\u011ble\u010dn\u011b \u010dinn\u00e9 (OSV\u010c) \u010di \u00fa\u010detnictv\u00ed men\u0161\u00edch neziskov\u00fdch organizac\u00ed.<\/p>\r\n\r\n\r\n\r\n<p>R\u00e1dy s v\u00e1mi nastav\u00edme \u00fa\u010detn\u00ed procesy u nov\u011b vznikaj\u00edc\u00ed spole\u010dnosti nebo p\u0159evezmeme a nav\u00e1\u017eeme na ji\u017e rozb\u011bhnut\u00e9 \u00fa\u010detnictv\u00ed. Ke ka\u017ed\u00e9mu klientovi p\u0159istupujeme individu\u00e1ln\u011b, proto\u017ee i kdy\u017e dva d\u011blaj\u00ed tot\u00e9\u017e, nemus\u00ed to znamenat tot\u00e9\u017e. \ud83d\ude42<br \/>Zakl\u00e1d\u00e1me si na kvalit\u011b, nejedeme na kvantitu. \ud83d\ude42<\/p>\r\n\r\n\r\n\r\n<p>O Va\u0161e \u00fa\u010detnictv\u00ed se spolu s n\u00e1mi postaraj\u00ed na\u0161e \u00fa\u010detn\u00ed programy MRP a Money S3, p\u0159\u00edpadn\u011b lze v\u00e9st agendu ve Va\u0161em programu, na kter\u00fd jste zvykl\u00ed. Sta\u010d\u00ed n\u00e1m jen za\u0159\u00eddit vzd\u00e1len\u00fd p\u0159\u00edstup. Dle dohody lze i doch\u00e1zet k V\u00e1m do kancel\u00e1\u0159e nebo si u V\u00e1s vyzved\u00e1vat doklady.\u00a0<\/p>\r\n<p>S\u00eddl\u00edme v \u0161ir\u0161\u00edm centru Prahy, ale online um\u00edme \u00fa\u010dtovat nap\u0159\u00ed\u010d celou republikou.\u00a0<\/p>\r\n\r\n\r\n\r\n<p>Hled\u00e1te \u00fa\u010detn\u00ed, m\u00e1te dal\u0161\u00ed dotazy, chcete si domluvit sch\u016fzku nebo nechat zpracovat nab\u00eddku? Nev\u00e1hejte n\u00e1s kontaktovat nebo se rovnou stavte na k\u00e1vu. \u2615\ufe0f<\/p>\r\n","protected":false},"excerpt":{"rendered":"<div class=\"mh-excerpt\"><p>Jsme sice datem vzniku mlad\u00e1 \u00fa\u010detn\u00ed spole\u010dnost, v na\u0161ich \u00fa\u010detn\u00edch \u0159ad\u00e1ch ale stoj\u00ed profesion\u00e1lov\u00e9 s mnohaletou prax\u00ed, kter\u00e1 sah\u00e1 a\u017e do roku 2003. Na\u0161i st\u00e1vaj\u00edc\u00ed <a class=\"mh-excerpt-more\" href=\"https:\/\/www.lvpro.cz\/\" title=\"O n\u00e1s\">[&#8230;]<\/a><\/p>\n<\/div>","protected":false},"author":2,"featured_media":0,"parent":0,"menu_order":0,"comment_status":"closed","ping_status":"closed","template":"","meta":[],"_links":{"self":[{"href":"https:\/\/www.lvpro.cz\/index.php\/wp-json\/wp\/v2\/pages\/68"}],"collection":[{"href":"https:\/\/www.lvpro.cz\/index.php\/wp-json\/wp\/v2\/pages"}],"about":[{"href":"https:\/\/www.lvpro.cz\/index.php\/wp-json\/wp\/v2\/types\/page"}],"author":[{"embeddable":true,"href":"https:\/\/www.lvpro.cz\/index.php\/wp-json\/wp\/v2\/users\/2"}],"replies":[{"embeddable":true,"href":"https:\/\/www.lvpro.cz\/index.php\/wp-json\/wp\/v2\/comments?post=68"}],"version-history":[{"count":18,"href":"https:\/\/www.lvpro.cz\/index.php\/wp-json\/wp\/v2\/pages\/68\/revisions"}],"predecessor-version":[{"id":301,"href":"https:\/\/www.lvpro.cz\/index.php\/wp-json\/wp\/v2\/pages\/68\/revisions\/301"}],"wp:attachment":[{"href":"https:\/\/www.lvpro.cz\/index.php\/wp-json\/wp\/v2\/media?parent=68"}],"curies":[{"name":"wp","href":"https:\/\/api.w.org\/{rel}","templated":true}]}}