{"id":70,"date":"2020-10-01T21:14:41","date_gmt":"2020-10-01T21:14:41","guid":{"rendered":"https:\/\/www.lvpro.cz\/?page_id=70"},"modified":"2022-09-24T19:07:43","modified_gmt":"2022-09-24T19:07:43","slug":"nase-sluzby","status":"publish","type":"page","link":"https:\/\/www.lvpro.cz\/index.php\/nase-sluzby\/","title":{"rendered":"Na\u0161e slu\u017eby"},"content":{"rendered":"\r\n<p style=\"text-align: center;\"><img decoding=\"async\" loading=\"lazy\" class=\"wp-image-163 aligncenter\" src=\"https:\/\/www.lvpro.cz\/wp-content\/uploads\/2020\/10\/analytics-icon-clipart-300x253.png\" alt=\"\" width=\"29\" height=\"25\" srcset=\"https:\/\/www.lvpro.cz\/wp-content\/uploads\/2020\/10\/analytics-icon-clipart-300x253.png 300w, https:\/\/www.lvpro.cz\/wp-content\/uploads\/2020\/10\/analytics-icon-clipart-700x591.png 700w, https:\/\/www.lvpro.cz\/wp-content\/uploads\/2020\/10\/analytics-icon-clipart-768x649.png 768w, https:\/\/www.lvpro.cz\/wp-content\/uploads\/2020\/10\/analytics-icon-clipart.png 980w\" sizes=\"(max-width: 29px) 100vw, 29px\" \/><\/p>\r\n<h3 style=\"text-align: center;\">Komplexn\u00ed \u00fa\u010detn\u00ed servis<\/h3>\r\n<h3 style=\"text-align: center;\"><img decoding=\"async\" loading=\"lazy\" class=\"\" src=\"https:\/\/www.lvpro.cz\/wp-content\/uploads\/2020\/10\/analytics-icon-clipart-300x253.png\" width=\"29\" height=\"25\" \/><\/h3>\r\n<h3>\r\n\r\n<\/h3>\r\n<h3 style=\"text-align: center;\">Veden\u00ed podvojn\u00e9ho \u00fa\u010detnictv\u00ed a da\u0148ov\u00e9 evidence<\/h3>\r\n<h3 style=\"text-align: center;\"><img decoding=\"async\" loading=\"lazy\" class=\"\" src=\"https:\/\/www.lvpro.cz\/wp-content\/uploads\/2020\/10\/analytics-icon-clipart-300x253.png\" width=\"30\" height=\"25\" \/><\/h3>\r\n<h3>\r\n\r\n<\/h3>\r\n<h3 style=\"text-align: center;\">Zpracov\u00e1n\u00ed mzdov\u00e9 agendy<\/h3>\r\n<h3 style=\"text-align: center;\"><img decoding=\"async\" loading=\"lazy\" class=\"\" src=\"https:\/\/www.lvpro.cz\/wp-content\/uploads\/2020\/10\/analytics-icon-clipart-300x253.png\" width=\"30\" height=\"26\" \/><\/h3>\r\n<h3>\r\n\r\n<\/h3>\r\n<h3 style=\"text-align: center;\">\u00da\u010detn\u00ed poradenstv\u00ed<\/h3>\r\n<h3 style=\"text-align: center;\"><img decoding=\"async\" loading=\"lazy\" class=\"\" src=\"https:\/\/www.lvpro.cz\/wp-content\/uploads\/2020\/10\/analytics-icon-clipart-300x253.png\" width=\"30\" height=\"25\" \/><\/h3>\r\n<h3>\r\n\r\n<\/h3>\r\n<h3 style=\"text-align: center;\">Rekonstrukce \u00fa\u010detnictv\u00ed<\/h3>\r\n<h3 style=\"text-align: center;\"><img decoding=\"async\" loading=\"lazy\" class=\"\" src=\"https:\/\/www.lvpro.cz\/wp-content\/uploads\/2020\/10\/analytics-icon-clipart-300x253.png\" width=\"30\" height=\"25\" \/><\/h3>\r\n<h3 style=\"text-align: center;\">Supervize Va\u0161eho \u00fa\u010detnictv\u00ed<\/h3>\r\n<h3 style=\"text-align: center;\"><img decoding=\"async\" loading=\"lazy\" class=\"\" src=\"https:\/\/www.lvpro.cz\/wp-content\/uploads\/2020\/10\/analytics-icon-clipart-300x253.png\" width=\"30\" height=\"25\" \/><\/h3>\r\n<h3 style=\"text-align: center;\">Registrace k dan\u00edm<\/h3>\r\n","protected":false},"excerpt":{"rendered":"<div class=\"mh-excerpt\"><p>Komplexn\u00ed \u00fa\u010detn\u00ed servis Veden\u00ed podvojn\u00e9ho \u00fa\u010detnictv\u00ed a da\u0148ov\u00e9 evidence Zpracov\u00e1n\u00ed mzdov\u00e9 agendy \u00da\u010detn\u00ed poradenstv\u00ed Rekonstrukce \u00fa\u010detnictv\u00ed Supervize Va\u0161eho \u00fa\u010detnictv\u00ed Registrace k dan\u00edm<\/p>\n<\/div>","protected":false},"author":2,"featured_media":0,"parent":0,"menu_order":0,"comment_status":"closed","ping_status":"closed","template":"","meta":[],"_links":{"self":[{"href":"https:\/\/www.lvpro.cz\/index.php\/wp-json\/wp\/v2\/pages\/70"}],"collection":[{"href":"https:\/\/www.lvpro.cz\/index.php\/wp-json\/wp\/v2\/pages"}],"about":[{"href":"https:\/\/www.lvpro.cz\/index.php\/wp-json\/wp\/v2\/types\/page"}],"author":[{"embeddable":true,"href":"https:\/\/www.lvpro.cz\/index.php\/wp-json\/wp\/v2\/users\/2"}],"replies":[{"embeddable":true,"href":"https:\/\/www.lvpro.cz\/index.php\/wp-json\/wp\/v2\/comments?post=70"}],"version-history":[{"count":8,"href":"https:\/\/www.lvpro.cz\/index.php\/wp-json\/wp\/v2\/pages\/70\/revisions"}],"predecessor-version":[{"id":272,"href":"https:\/\/www.lvpro.cz\/index.php\/wp-json\/wp\/v2\/pages\/70\/revisions\/272"}],"wp:attachment":[{"href":"https:\/\/www.lvpro.cz\/index.php\/wp-json\/wp\/v2\/media?parent=70"}],"curies":[{"name":"wp","href":"https:\/\/api.w.org\/{rel}","templated":true}]}}